{"id":1862,"date":"2018-08-18T18:25:41","date_gmt":"2018-08-18T18:25:41","guid":{"rendered":"https:\/\/ametllercatering.com\/avis-legal\/"},"modified":"2020-09-17T18:47:02","modified_gmt":"2020-09-17T16:47:02","slug":"aviso-legal","status":"publish","type":"page","link":"https:\/\/ametllercatering.com\/en\/aviso-legal\/","title":{"rendered":"AVISO LEGAL"},"content":{"rendered":"<p>[et_pb_section fb_built=&#8221;1&#8243; _builder_version=&#8221;3.22&#8243;][et_pb_row _builder_version=&#8221;3.25&#8243; background_size=&#8221;initial&#8221; background_position=&#8221;top_left&#8221; background_repeat=&#8221;repeat&#8221;][et_pb_column type=&#8221;4_4&#8243; _builder_version=&#8221;3.25&#8243; custom_padding=&#8221;|||&#8221; custom_padding__hover=&#8221;|||&#8221;][et_pb_text _builder_version=&#8221;4.5.7&#8243; _module_preset=&#8221;default&#8221; header_font_size=&#8221;35px&#8221; hover_enabled=&#8221;0&#8243;]<\/p>\n<div class=\"et_pb_module et_pb_post_title et_pb_post_title_0 et_pb_bg_layout_light  et_pb_text_align_left\">\n<div class=\"et_pb_title_container\">\n<h1 class=\"entry-title\"><strong>AVISO LEGAL<\/strong><\/h1>\n<\/div>\n<\/div>\n<div class=\"et_pb_module et_pb_text et_pb_text_0  et_pb_text_align_left et_pb_bg_layout_light\">\n<div class=\"et_pb_text_inner\">\n<p>El presente aviso legal es aplicable a los siguientes dominios:<\/p>\n<p><a href=\"http:\/\/www.ametllercatering.com\/\" target=\"_blank\" rel=\"noopener noreferrer\" data-saferedirecturl=\"https:\/\/www.google.com\/url?q=http:\/\/www.ametllercatering.com&amp;source=gmail&amp;ust=1600433905168000&amp;usg=AFQjCNFQG7RDj-mQc-pJOAdn9prXpWEqxA\">www.ametllercatering.com<\/a><br \/><a href=\"http:\/\/www.canametller.com\/\" target=\"_blank\" rel=\"noopener noreferrer\" data-saferedirecturl=\"https:\/\/www.google.com\/url?q=http:\/\/www.canametller.com&amp;source=gmail&amp;ust=1600433905168000&amp;usg=AFQjCNE71LigT0i7r0_rXM6FKotBNrmtvA\">www.canametller.com<\/a><br \/><a href=\"http:\/\/www.ametllergrup.com\/\" target=\"_blank\" rel=\"noopener noreferrer\" data-saferedirecturl=\"https:\/\/www.google.com\/url?q=http:\/\/www.ametllergrup.com&amp;source=gmail&amp;ust=1600433905168000&amp;usg=AFQjCNFOzsZjg9tcj_XlCLQBzdxYapvBCA\">www.ametllergrup.com<\/a><\/p>\n<p>El titular de estos siguientes dominios y de los servicios que se ofrecen es:<br \/>Sabadell Art, S.L. (En adelante Sabadell Art)<br \/>Camino de Ca n\u2019Ametller s \/ n<br \/>08195 Sant Cugat del Vall\u00e9s, Barcelona<br \/>CIF: B17446485<\/p>\n<p>Este aviso legal tiene como finalidad el establecer y regular las normas de uso del portal web de Sabadell Art.<\/p>\n<p>La utilizaci\u00f3n de esta p\u00e1gina, as\u00ed como de los servicios que en ella se pone a disposici\u00f3n del usuario, supondr\u00e1 el conocimiento y la aceptaci\u00f3n plena y sin reservas de todas y cada una de las condiciones generales recogidas en el presente Aviso Legal, por lo que el usuario deber\u00e1 ser consciente de la importancia de leerlas cada vez que visite este portal. El hecho de acceder a esta Web implica el conocimiento y aceptaci\u00f3n de las siguientes Condiciones Generales por lo que se recomienda al usuario su impresi\u00f3n o su descarga y lectura detallada cada vez que acceda a esta Web.<\/p>\n<p>&nbsp;<\/p>\n<h2><strong>CONTENIDOS<\/strong><\/h2>\n<p><span style=\"font-size: 14px;\">La informaci\u00f3n que aparece en el portal es la vigente en la fecha de su \u00faltima actualizaci\u00f3n. Sabadell Art se reserva el derecho a actualizar, modificar o eliminar la informaci\u00f3n de esta Web, pudiendo limitar o no permitir el acceso al mismo, pudiendo hacer uso de tal facultad de efectuar, en cualquier momento, cuantos cambios y modificaciones estime convenientes, pudiendo hacer uso de tal facultad en cualquier momento y sin previo aviso. Sabadell Art realiza los m\u00e1ximos esfuerzos para evitar cualquier error en los contenidos que pudieran aparecer en esta web, responsabiliz\u00e1ndose de los mismos.<br \/><\/span><\/p>\n<h2>\u00a0<\/h2>\n<h2><strong>RESPONSABILIDAD DEL USUARIO<\/strong><\/h2>\n<p><span style=\"font-size: 14px;\">El acceso a esta Web es responsabilidad exclusiva de los usuarios. Los riesgos derivados de la utilizaci\u00f3n de la Web por el usuario ser\u00e1n a su \u00fanico y exclusivo cargo.<\/span><\/p>\n<p><span style=\"font-size: 14px;\">Sabadell Art no se hace responsable de posibles da\u00f1os o perjuicios que se pudieran derivar de problemas en el funcionamiento del portal motivados por causas ajenas a ella; ni tampoco de da\u00f1os que puedan ser causados por terceras personas mediante intromisiones ileg\u00edtimas fuera del control de Sabadell Art.<br \/><\/span><\/p>\n<p><span style=\"font-size: 14px;\">El usuario se compromete a no usar el portal, los servicios y contenidos puestos a su disposici\u00f3n con fines il\u00edcitos, no autorizados, o fraudulentos y \/ o con fines diferentes a los establecidos en el presente aviso legal que pudieran ser lesivos de derechos y \/ o intereses de Sabadell Art o terceros.<br \/><\/span><\/p>\n<p><span style=\"font-size: 14px;\">Est\u00e1 terminantemente prohibida la publicidad hacia otros sitios web; incluyendo enlaces a otras p\u00e1ginas o referencias a terceros sin la autorizaci\u00f3n expresa de los Administradores de este portal.<br \/><\/span><\/p>\n<p><span style=\"font-size: 14px;\">Sabadell Art se reserva el derecho a impedir o prohibir el acceso a la Web a cualquier usuario de Internet que introduzca en esta Web cualquier contenido contrario a las normas legales o sea inmoral, reserv\u00e1ndose el derecho de ejercer las medidas legales que estime oportunas para evitar este tipo de conductas.<br \/><\/span><\/p>\n<h2>\u00a0<\/h2>\n<h2><strong>POL\u00cdTICA DE PRIVACIDAD Y PROTECCI\u00d3N DE DATOS<\/strong><\/h2>\n<p><strong><u>Finalidades de los tratamientos de datos personales<\/u><\/strong><\/p>\n<p><span style=\"font-size: 14px;\">Los datos suministrados por el usuario en los formularios habilitados del presente portal son recogidos por Sabadell Art de acuerdo con la legislaci\u00f3n vigente en materia de protecci\u00f3n de datos.<br \/><\/span><\/p>\n<p><span style=\"font-size: 14px;\">En cada uno de estos medios informamos de la finalidad del tratamiento de los datos que se llevan a cabo \u00fanica y exclusivamente si usted ha autorizado este tratamiento.<br \/><\/span><\/p>\n<p><span style=\"font-size: 14px;\">A continuaci\u00f3n detallamos la informaci\u00f3n relativa a las diferentes finalidades para las que podemos recoger sus datos.<br \/><\/span><\/p>\n<p><span style=\"font-size: 14px;\">El detalle del tratamiento de sus datos, seg\u00fan la finalidad de recogida es:<\/span><\/p>\n<table>\n<tbody>\n<tr>\n<td width=\"122\"><strong>Tratamiento <\/strong><\/td>\n<td width=\"204\"><strong>Finalidad para la que utilizamos los datos<\/strong><\/td>\n<td width=\"323\"><strong>Cuanto tiempo las conservaremos<\/strong><\/td>\n<\/tr>\n<tr>\n<td width=\"122\">Formulario de contacto con Sabadell Art<\/td>\n<td width=\"204\"><span style=\"font-size: 14px;\">Trataremos sus datos para contestar a su solicitud, cuesti\u00f3n o duda.<\/span><\/td>\n<td width=\"323\">Sus datos personales ser\u00e1n conservados hasta que hayamos dado respuesta a su solicitud y llevado a cabo las acciones que sean necesarias. Una vez realizadas procederemos a suprimir sus datos con la excepci\u00f3n que implique responsabilidades legales.<\/td>\n<\/tr>\n<tr>\n<td width=\"122\">Newsletter<\/td>\n<td width=\"204\">Desde Sabadell Art le remitiremos informaci\u00f3n sobre novedades y actividades que llevamos a cabo.<\/td>\n<td width=\"323\">\n<p>Sus datos personales se conservar\u00e1n hasta el momento en que solicite dejar de recibir nuestras comunicaciones, a partir de ese momento los suprimiremos.<\/p>\n<p>Usted podr\u00e1 solicitar la supresi\u00f3n en cualquier momento mediante la informaci\u00f3n que aparece en cada comunicaci\u00f3n.<\/p>\n<\/td>\n<\/tr>\n<tr>\n<td width=\"122\"><span style=\"font-size: 14px;\">Formulario de inscripci\u00f3n en la bolsa de trabajo <\/span><\/td>\n<td width=\"204\"><span style=\"font-size: 14px;\">Trataremos sus datos con el fin de incorporarlo a la bolsa de trabajo de Sabadell Art.<\/span><\/td>\n<td width=\"323\">Sus datos personales ser\u00e1n conservados durante un a\u00f1o desde el momento de su inscripci\u00f3n en la bolsa de trabajo. Un pasado este plazo procederemos a suprimir sus datos con la excepci\u00f3n que implique responsabilidades legales.<\/td>\n<\/tr>\n<\/tbody>\n<\/table>\n<p>En ning\u00fan caso se llevar\u00e1n a cabo decisiones automatizadas a partir de sus datos.<\/p>\n<p>\u00danicamente se tratar\u00e1n los datos que haya entregado para la finalidad que se le inform\u00f3 y autoriz\u00f3. No se ceder\u00e1n sus datos a terceros salvo que usted lo haya autorizado expresamente.<\/p>\n<p>La base legal para el tratamiento de sus datos es la ejecuci\u00f3n de los servicios que nos ha solicitado y ha autorizado expresamente.<\/p>\n<p>Tratamiento de datos por cuenta de terceros<\/p>\n<p>Los datos se comunicar\u00e1n a empresas proveedoras de Sabadell Art (Env\u00edo de comunicaciones comerciales, encuestas de satisfacci\u00f3n, etc.) para los mismos fines que usted nos haya proporcionado sus datos. Esta gesti\u00f3n de sus datos se realiza \u00fanica y exclusivamente para garantizar la realizaci\u00f3n de los servicios que le ofrecemos.<\/p>\n<p>Sabadell Art dispone de normas y procedimientos vinculantes corporativos que regulan la seguridad del tratamiento de sus datos y garantizan que no ser\u00e1n utilizados para ning\u00fan otro fin ni por terceras empresas fuera de las que usted haya autorizado y estado informado.<\/p>\n<p>Transferencia internacional de datos personales<\/p>\n<p>No se transferir\u00e1n sus datos personales fuera del Espacio Econ\u00f3mico Europeo ni de pa\u00edses que no tengan un nivel de cumplimiento exigido por la legislaci\u00f3n o sin disponer de su autorizaci\u00f3n expresa previa.<\/p>\n<p>Car\u00e1cter voluntario de la informaci\u00f3n facilitada y veracidad de los datos<\/p>\n<p>Nos suministra sus datos de forma voluntaria en todo momento y por eso garantiza que los datos personales facilitados son veraces; respondiendo, en cualquier caso, de la veracidad de los datos facilitados, reserv\u00e1ndonos el derecho a excluir de los servicios a todo usuario que haya facilitado datos falsos, sin perjuicio de otras acciones que procedan en Derecho.<\/p>\n<p>Sus derechos al facilitarnos sus datos<\/p>\n<p>A cualquier momento puede solicitar y obtener informaci\u00f3n de c\u00f3mo y para qu\u00e9 estamos tratando sus datos.<\/p>\n<p>Usted podr\u00e1:<br \/>&#8211; Acceder a sus datos: solicitar que datos tenemos suyos y que uso hacemos de ellos.<br \/>&#8211; Rectificar sus datos: solicitar la modificaci\u00f3n o rectificaci\u00f3n de los datos inexactos.<br \/>&#8211; Suprimir sus datos: solicitar que sus datos sean eliminados y no se haga tratamiento de ellos, fuera de lo que la ley nos exija conservar.<br \/>&#8211; Oponerse a un tratamiento o ejercitar limitaci\u00f3n del mismo: que no hacemos un uso concreto de sus datos.<br \/>&#8211; Portabilidad de sus datos: facilitarle sus datos personales en un formato interoperable para que los entregamos para llevarlos a otra compa\u00f1\u00eda.<\/p>\n<p>Para ello puede dirigir un escrito indicando que derecho quiere ejercer (Acceso, Rectificaci\u00f3n, Supresi\u00f3n, Oposici\u00f3n o Portabilidad de los datos) adjuntando una copia de su DNI a la siguiente direcci\u00f3n: Sabadell Art SL, Ejercicio de los derechos, Camino Ca n&#8217;Ametller s \/ n 08195 Sant Cugat del Vall\u00e8s (Barcelona) o al correo electr\u00f3nico\u00a0<a href=\"mailto:info@ametllergrup.com\" target=\"_blank\" rel=\"noopener noreferrer\">info@ametllergrup.com<\/a>.<\/p>\n<h2>\u00a0<\/h2>\n<h2><strong>UTILIZACI\u00d3N DE COOKIES<\/strong><\/h2>\n<p><span style=\"font-size: 14px;\">En cumplimiento del art\u00edculo 22 de la Ley de Servicios de la Sociedad de la Informaci\u00f3n y Comercio Electr\u00f3nico (LSSICE) le informamos que este portal web utiliza cookies con el fin de mejorar la navegaci\u00f3n de la web y ofrecer un mejor servicio al usuario.<\/span><\/p>\n<p>&nbsp;<\/p>\n<p><strong style=\"color: #333333; font-family: Lato, Helvetica, Arial, Lucida, sans-serif; font-size: 26px;\">PROPIEDAD INTELECTUAL Y DERECHOS DE AUTOR<\/strong><\/p>\n<p>Salvo que se indique lo contrario en la Web, los textos, im\u00e1genes, ilustraciones, dise\u00f1os, y otros contenidos que se encuentren en el portal son propiedad de Sabadell Art o de terceros de los que se ha obtenido autorizaci\u00f3n, licencia o cesi\u00f3n de uso.<\/p>\n<p>El Usuario se compromete a no utilizar, copiar, reproducir, distribuir, transformar o modificar los Contenidos del portal web, a menos que se cuente con la autorizaci\u00f3n del titular de los correspondientes derechos o previa autorizaci\u00f3n expresa y por escrito de Sabadell Art.<\/p>\n<\/div>\n<\/div>\n<p>[\/et_pb_text][\/et_pb_column][\/et_pb_row][\/et_pb_section]<\/p>\n","protected":false},"excerpt":{"rendered":"<p>AVISO LEGAL El presente aviso legal es aplicable a los siguientes dominios: www.ametllercatering.comwww.canametller.comwww.ametllergrup.com El titular de estos siguientes dominios y de los servicios que se ofrecen es:Sabadell Art, S.L. (En adelante Sabadell Art)Camino de Ca n\u2019Ametller s \/ n08195 Sant Cugat del Vall\u00e9s, BarcelonaCIF: B17446485 Este aviso legal tiene como finalidad el establecer y regular las normas de uso del portal web de Sabadell Art. La utilizaci\u00f3n de esta p\u00e1gina, as\u00ed como de los servicios que en ella se pone a disposici\u00f3n del usuario, supondr\u00e1 el conocimiento y la aceptaci\u00f3n plena y sin reservas de todas y cada una de las condiciones generales recogidas en el presente Aviso Legal, por lo que el usuario deber\u00e1 ser consciente de la importancia de leerlas cada vez que visite este portal. El hecho de acceder a esta Web implica el conocimiento y aceptaci\u00f3n de las siguientes Condiciones Generales por lo que se recomienda al usuario su impresi\u00f3n o su descarga y lectura detallada cada vez que acceda a esta Web. &nbsp; CONTENIDOS La informaci\u00f3n que aparece en el portal es la vigente en la fecha de su \u00faltima actualizaci\u00f3n. Sabadell Art se reserva el derecho a actualizar, modificar o eliminar la informaci\u00f3n de [&hellip;]<\/p>\n","protected":false},"author":3,"featured_media":0,"parent":0,"menu_order":0,"comment_status":"closed","ping_status":"closed","template":"","meta":{"_et_pb_use_builder":"on","_et_pb_old_content":"","_et_gb_content_width":"","footnotes":""},"class_list":["post-1862","page","type-page","status-publish","hentry"],"_links":{"self":[{"href":"https:\/\/ametllercatering.com\/en\/wp-json\/wp\/v2\/pages\/1862","targetHints":{"allow":["GET"]}}],"collection":[{"href":"https:\/\/ametllercatering.com\/en\/wp-json\/wp\/v2\/pages"}],"about":[{"href":"https:\/\/ametllercatering.com\/en\/wp-json\/wp\/v2\/types\/page"}],"author":[{"embeddable":true,"href":"https:\/\/ametllercatering.com\/en\/wp-json\/wp\/v2\/users\/3"}],"replies":[{"embeddable":true,"href":"https:\/\/ametllercatering.com\/en\/wp-json\/wp\/v2\/comments?post=1862"}],"version-history":[{"count":7,"href":"https:\/\/ametllercatering.com\/en\/wp-json\/wp\/v2\/pages\/1862\/revisions"}],"predecessor-version":[{"id":3995,"href":"https:\/\/ametllercatering.com\/en\/wp-json\/wp\/v2\/pages\/1862\/revisions\/3995"}],"wp:attachment":[{"href":"https:\/\/ametllercatering.com\/en\/wp-json\/wp\/v2\/media?parent=1862"}],"curies":[{"name":"wp","href":"https:\/\/api.w.org\/{rel}","templated":true}]}}