{"id":767,"date":"2015-07-30T23:37:38","date_gmt":"2015-07-30T23:37:38","guid":{"rendered":"https:\/\/ametllercatering.com\/contacto-2\/"},"modified":"2022-11-23T12:11:30","modified_gmt":"2022-11-23T11:11:30","slug":"contacte","status":"publish","type":"page","link":"https:\/\/ametllercatering.com\/ca\/contacte\/","title":{"rendered":"Contacte"},"content":{"rendered":"<p>[et_pb_section fb_built=&#8221;1&#8243; custom_padding_last_edited=&#8221;on|desktop&#8221; admin_label=&#8221;section&#8221; _builder_version=&#8221;4.16&#8243; background_color=&#8221;#eeeeee&#8221; custom_padding_tablet=&#8221;50px|0|50px|0&#8243; custom_padding_phone=&#8221;&#8221; transparent_background=&#8221;off&#8221; padding_mobile=&#8221;off&#8221; make_fullwidth=&#8221;off&#8221; use_custom_width=&#8221;off&#8221; width_unit=&#8221;on&#8221; custom_width_px=&#8221;1080px&#8221; custom_width_percent=&#8221;80%&#8221; global_colors_info=&#8221;{}&#8221;][et_pb_row column_structure=&#8221;1_2,1_2&#8243; padding_mobile=&#8221;off&#8221; column_padding_mobile=&#8221;on&#8221; admin_label=&#8221;row&#8221; _builder_version=&#8221;4.16&#8243; background_size=&#8221;initial&#8221; background_position=&#8221;top_left&#8221; background_repeat=&#8221;repeat&#8221; make_fullwidth=&#8221;off&#8221; use_custom_width=&#8221;off&#8221; width_unit=&#8221;off&#8221; custom_width_px=&#8221;1080px&#8221; custom_width_percent=&#8221;80%&#8221; global_colors_info=&#8221;{}&#8221;][et_pb_column type=&#8221;1_2&#8243; _builder_version=&#8221;4.16&#8243; custom_padding=&#8221;|||&#8221; global_colors_info=&#8221;{}&#8221; custom_padding__hover=&#8221;|||&#8221;][et_pb_image src=&#8221;https:\/\/ametllercatering.com\/wp-content\/uploads\/2015\/08\/boix-catering-masia-can-ametller-016.jpg&#8221; align=&#8221;center&#8221; align_tablet=&#8221;center&#8221; align_phone=&#8221;&#8221; align_last_edited=&#8221;on|desktop&#8221; _builder_version=&#8221;4.18.0&#8243; animation_style=&#8221;fade&#8221; animation_duration=&#8221;500ms&#8221; hover_enabled=&#8221;0&#8243; z_index_tablet=&#8221;500&#8243; use_border_color=&#8221;off&#8221; global_colors_info=&#8221;{}&#8221; title_text=&#8221;boix-catering-masia-can-ametller-016&#8243; sticky_enabled=&#8221;0&#8243;][\/et_pb_image][\/et_pb_column][et_pb_column type=&#8221;1_2&#8243; _builder_version=&#8221;4.16&#8243; custom_padding=&#8221;|||&#8221; global_colors_info=&#8221;{}&#8221; custom_padding__hover=&#8221;|||&#8221;][et_pb_text _builder_version=&#8221;4.18.0&#8243; background_size=&#8221;initial&#8221; background_position=&#8221;top_left&#8221; background_repeat=&#8221;repeat&#8221; module_alignment=&#8221;left&#8221; hover_enabled=&#8221;0&#8243; z_index_tablet=&#8221;500&#8243; border_color_all=&#8221;off&#8221; use_border_color=&#8221;off&#8221; border_style=&#8221;solid&#8221; global_colors_info=&#8221;{}&#8221; sticky_enabled=&#8221;0&#8243;]<\/p>\n<h3>AMETLLER CATERING<\/h3>\n<p>Cam\u00ed Ca n\u2019Ametller s\/n 08195 Sant Cugat del Vall\u00e9s <a href=\"https:\/\/www.google.es\/maps\/place\/Masia+Can+Ametller+-+Restaurant\/@41.478135,2.046611,17z\/data=!4m6!1m3!3m2!1s0x12a496dd1b8ec4bd:0xf8ca94da95d577a9!2sMasia+Can+Ametller+-+Restaurant!3m1!1s0x12a496dd1b8ec4bd:0xf8ca94da95d577a9\" target=\"_blank\" rel=\"noopener noreferrer\">Obrir a Google Maps<\/a><\/p>\n<h3>CONTACTE<\/h3>\n<p>T. 93 674 91 51 &#8211; Opci\u00f3 3<br \/>\n<a title=\"Envia un mail a Boix C\u00e0tering\" href=\"mailto:info@ametllercatering.com\">info@ametllercatering.com<\/a>[\/et_pb_text][\/et_pb_column][\/et_pb_row][\/et_pb_section][et_pb_section fb_built=&#8221;1&#8243; custom_padding_last_edited=&#8221;on|desktop&#8221; admin_label=&#8221;section&#8221; _builder_version=&#8221;4.16&#8243; background_color=&#8221;rgba(0,0,0,0.15)&#8221; custom_padding_tablet=&#8221;50px|0|50px|0&#8243; custom_padding_phone=&#8221;&#8221; transparent_background=&#8221;off&#8221; padding_mobile=&#8221;off&#8221; make_fullwidth=&#8221;off&#8221; use_custom_width=&#8221;off&#8221; width_unit=&#8221;on&#8221; custom_width_px=&#8221;1080px&#8221; custom_width_percent=&#8221;80%&#8221; global_colors_info=&#8221;{}&#8221;][et_pb_row padding_mobile=&#8221;off&#8221; column_padding_mobile=&#8221;on&#8221; admin_label=&#8221;row&#8221; _builder_version=&#8221;4.16&#8243; background_size=&#8221;initial&#8221; background_position=&#8221;top_left&#8221; background_repeat=&#8221;repeat&#8221; make_fullwidth=&#8221;off&#8221; use_custom_width=&#8221;off&#8221; width_unit=&#8221;off&#8221; custom_width_px=&#8221;1080px&#8221; custom_width_percent=&#8221;80%&#8221; global_colors_info=&#8221;{}&#8221;][et_pb_column type=&#8221;4_4&#8243; _builder_version=&#8221;4.16&#8243; custom_padding=&#8221;|||&#8221; global_colors_info=&#8221;{}&#8221; custom_padding__hover=&#8221;|||&#8221;][et_pb_text admin_label=&#8221;Formulario de contacto&#8221; _builder_version=&#8221;4.16&#8243; background_size=&#8221;initial&#8221; background_position=&#8221;top_left&#8221; background_repeat=&#8221;repeat&#8221; text_orientation=&#8221;center&#8221; module_alignment=&#8221;center&#8221; z_index_tablet=&#8221;500&#8243; use_border_color=&#8221;off&#8221; saved_tabs=&#8221;all&#8221; global_colors_info=&#8221;{}&#8221;]<\/p>\n<h2 style=\"text-align: center;\">T\u00e9 alguna consulta?<\/h2>\n<p style=\"text-align: center;\">No dubti en posar-se en contacte amb nosaltres i la resoldrem el m\u00e9s aviat possible<\/p>\n<p>[\/et_pb_text][et_pb_text _builder_version=&#8221;4.16&#8243; z_index_tablet=&#8221;500&#8243; global_colors_info=&#8221;{}&#8221;]<form method=\"post\" action=\"https:\/\/ametllercatering.com\/alta_contact.php\" name=\"frm-alta\"><input type=\"hidden\" name=\"establ\" value=\"2\"><input type=\"hidden\" name=\"idioma\" value=\"ca\">\t\t<div class=\"form-input form-21\"><label class=\"form-label\">Nom<\/label><input maxlength=\"50\" size=\"50\" name=\"nombre\" placeholder=\"Nom\" class=\"form-text\"><\/div>\r\n\t\t<div class=\"form-input form-22\"><label class=\"form-label\">Cognoms<\/label><input maxlength=\"50\" size=\"50\" name=\"apells\" placeholder=\"Cognoms\" class=\"form-text\"><\/div>\r\n\t\t\r\n\t\t<div class=\"form-input form-21\"><label class=\"form-label\">Tel\u00e8fon<\/label><input maxlength=\"50\" size=\"50\" name=\"numtel\" placeholder=\"Tel\u00e8fon\" class=\"form-text\"><\/div>\r\n\t\t<div class=\"form-input form-22\"><label class=\"form-label\">Email<\/label><input maxlength=\"50\" size=\"50\" name=\"demail\" placeholder=\"Email\" class=\"form-text\"><\/div>\r\n\t\t\r\n\t\t<div class=\"form-input form-21\"><label class=\"form-label\">Empresa<\/label><input maxlength=\"50\" size=\"50\" name=\"empres\" placeholder=\"Empresa\" class=\"form-text\"><\/div>\r\n\t\t\r\n\t\t<div class=\"form-input form-22\"\"><label class=\"form-label\">Tipus d\u00b4esdeveniment<\/label>\r\n\t\t<input name=\"tipesd\" value=\"grups particulars\" type=\"radio\" class=\"form-radio\"><label class=\"input-label\">Grups particulars<\/label><br>\r\n\t\t<input name=\"tipesd\" value=\"grups empresa\"     type=\"radio\" class=\"form-radio\"><label class=\"input-label\">Grups empresa<\/label><br>\r\n\t\t<input name=\"tipesd\" value=\"boda\"              type=\"radio\" class=\"form-radio\"><label class=\"input-label\">Casaments<\/label><br>\r\n\t\t<input name=\"tipesd\" value=\"comunio\"           type=\"radio\" class=\"form-radio\"><label class=\"input-label\">Comunions<\/label><br>\r\n\t\t<input name=\"tipesd\" value=\"altres\"            type=\"radio\" class=\"form-radio\"><label class=\"input-label\">Altres (Ex: graduacions, events ben\u00e8fics, etc)<\/label><input maxlength=\"50\" size=\"50\" name=\"tipesd-txt\" class=\"input-text\">\r\n\t\t<\/div>\r\n\t\t\r\n\t\t<div class=\"form-input form-41\"><label class=\"form-label\">N\u00fam. comensals<\/label><input type=\"number\" name=\"numcom\" min=\"1\" max=\"9999\" class=\"form-number form-text\"><\/div>\r\n\t\t<div class=\"form-input form-42\"><label class=\"form-label\">Data de celebraci\u00f3<\/label><input type=\"date\" name=\"fchesd\" class=\"form-date form-text\"><\/div>\r\n\t\t                      \r\n\t\t<div class=\"form-input form-43\"><label class=\"form-label\">Hora inici prevista<\/label><input type=\"time\" name=\"horini\" class=\"form-time form-text\"><\/div>\r\n\t\t<div class=\"form-input form-44\"><label class=\"form-label\">Hora fin prevista<\/label><input type=\"time\" name=\"horfin\" class=\"form-time form-text\"><\/div>\r\n\t\t\r\n\t\t<div class=\"form-input form-1\"><label class=\"form-label\">Observacions<\/label><textarea cols=\"50\" rows=\"5\" name=\"observ\"  class=\"form-text-area form-text\"  placeholder=\"Indiqueu m\u00e9s informaci\u00f3 com ara la poblaci\u00f3 o altres detalls de l'esdeveniment\"><\/textarea><\/div>\r\n\t\t<div class=\"form-input form-21\"><div class=\"g-recaptcha\" data-sitekey=\"6Lfj8DYUAAAAAGZJkXrgvDScZ2OEagX9UpY5YWsU\"><\/div><\/div>\r\n\t\t<div class=\"form-input form-22\"><input name=\"submit\" value=\"Enviar\" type=\"submit\" class=\"form-button\"><\/div>\t\t\r\n\t\t<\/form>\t\r\n<\/form><br \/>\n[\/et_pb_text][\/et_pb_column][\/et_pb_row][\/et_pb_section][et_pb_section fb_built=&#8221;1&#8243; fullwidth=&#8221;on&#8221; custom_padding_last_edited=&#8221;on|desktop&#8221; admin_label=&#8221;section&#8221; _builder_version=&#8221;4.16&#8243; custom_padding_tablet=&#8221;50px|0|50px|0&#8243; custom_padding_phone=&#8221;&#8221; transparent_background=&#8221;off&#8221; padding_mobile=&#8221;off&#8221; make_fullwidth=&#8221;off&#8221; use_custom_width=&#8221;off&#8221; width_unit=&#8221;off&#8221; custom_width_px=&#8221;1080px&#8221; custom_width_percent=&#8221;80%&#8221; global_colors_info=&#8221;{}&#8221;][et_pb_fullwidth_map address=&#8221;08195 Sant Cugat del Vall\u00e8s, Barcelona, Espa\u00f1a&#8221; zoom_level=&#8221;10&#8243; address_lat=&#8221;41.47136822731593&#8243; address_lng=&#8221;2.113209821181483&#8243; _builder_version=&#8221;4.18.0&#8243; hover_enabled=&#8221;0&#8243; z_index_tablet=&#8221;500&#8243; global_colors_info=&#8221;{}&#8221; sticky_enabled=&#8221;0&#8243;][et_pb_map_pin title=&#8221;AMETLLER CATERING&#8221; pin_address=&#8221;Carrer de Josep Trueta, 14, 08195 Sant Cugat del Vall\u00e8s, Barcelona, Espa\u00f1a&#8221; pin_address_lat=&#8221;41.478098564828954&#8243; pin_address_lng=&#8221;2.0462220629516423&#8243; _builder_version=&#8221;4.18.0&#8243; global_colors_info=&#8221;{}&#8221; hover_enabled=&#8221;0&#8243; sticky_enabled=&#8221;0&#8243;]Cam\u00ed de Ca n&#8217;Ametller s\/n<br \/>\n08195 Sant Cugat del Vall\u00e8s<br \/>\n<a href=\"https:\/\/www.google.es\/maps\/place\/Masia+Can+Ametller\/@41.478135,2.046611,17z\/data=!4m12!1m6!3m5!1s0x12a496dd1b8ec4bd:0xf8ca94da95d577a9!2sMasia+Can+Ametller!8m2!3d41.478215!4d2.0460263!3m4!1s0x12a496dd1b8ec4bd:0xf8ca94da95d577a9!8m2!3d41.478215!4d2.0460263\">Obrir a Google Maps<\/a>[\/et_pb_map_pin][\/et_pb_fullwidth_map][\/et_pb_section]<\/p>\n","protected":false},"excerpt":{"rendered":"<p>AMETLLER CATERING Cam\u00ed Ca n\u2019Ametller s\/n 08195 Sant Cugat del Vall\u00e9s Obrir a Google Maps CONTACTE T. 93 674 91 51 &#8211; Opci\u00f3 3 info@ametllercatering.comT\u00e9 alguna consulta? No dubti en posar-se en contacte amb nosaltres i la resoldrem el m\u00e9s aviat possible <form method=\"post\" action=\"https:\/\/ametllercatering.com\/alta_contact.php\" name=\"frm-alta\"><input type=\"hidden\" name=\"establ\" value=\"2\"><input type=\"hidden\" name=\"idioma\" value=\"ca\">\t\t<div class=\"form-input form-21\"><label class=\"form-label\">Nom<\/label><input maxlength=\"50\" size=\"50\" name=\"nombre\" placeholder=\"Nom\" class=\"form-text\"><\/div>\r\n\t\t<div class=\"form-input form-22\"><label class=\"form-label\">Cognoms<\/label><input maxlength=\"50\" size=\"50\" name=\"apells\" placeholder=\"Cognoms\" class=\"form-text\"><\/div>\r\n\t\t\r\n\t\t<div class=\"form-input form-21\"><label class=\"form-label\">Tel\u00e8fon<\/label><input maxlength=\"50\" size=\"50\" name=\"numtel\" placeholder=\"Tel\u00e8fon\" class=\"form-text\"><\/div>\r\n\t\t<div class=\"form-input form-22\"><label class=\"form-label\">Email<\/label><input maxlength=\"50\" size=\"50\" name=\"demail\" placeholder=\"Email\" class=\"form-text\"><\/div>\r\n\t\t\r\n\t\t<div class=\"form-input form-21\"><label class=\"form-label\">Empresa<\/label><input maxlength=\"50\" size=\"50\" name=\"empres\" placeholder=\"Empresa\" class=\"form-text\"><\/div>\r\n\t\t\r\n\t\t<div class=\"form-input form-22\"\"><label class=\"form-label\">Tipus d\u00b4esdeveniment<\/label>\r\n\t\t<input name=\"tipesd\" value=\"grups particulars\" type=\"radio\" class=\"form-radio\"><label class=\"input-label\">Grups particulars<\/label><br>\r\n\t\t<input name=\"tipesd\" value=\"grups empresa\"     type=\"radio\" class=\"form-radio\"><label class=\"input-label\">Grups empresa<\/label><br>\r\n\t\t<input name=\"tipesd\" value=\"boda\"              type=\"radio\" class=\"form-radio\"><label class=\"input-label\">Casaments<\/label><br>\r\n\t\t<input name=\"tipesd\" value=\"comunio\"           type=\"radio\" class=\"form-radio\"><label class=\"input-label\">Comunions<\/label><br>\r\n\t\t<input name=\"tipesd\" value=\"altres\"            type=\"radio\" class=\"form-radio\"><label class=\"input-label\">Altres (Ex: graduacions, events ben\u00e8fics, etc)<\/label><input maxlength=\"50\" size=\"50\" name=\"tipesd-txt\" class=\"input-text\">\r\n\t\t<\/div>\r\n\t\t\r\n\t\t<div class=\"form-input form-41\"><label class=\"form-label\">N\u00fam. comensals<\/label><input type=\"number\" name=\"numcom\" min=\"1\" max=\"9999\" class=\"form-number form-text\"><\/div>\r\n\t\t<div class=\"form-input form-42\"><label class=\"form-label\">Data de celebraci\u00f3<\/label><input type=\"date\" name=\"fchesd\" class=\"form-date form-text\"><\/div>\r\n\t\t                      \r\n\t\t<div class=\"form-input form-43\"><label class=\"form-label\">Hora inici prevista<\/label><input type=\"time\" name=\"horini\" class=\"form-time form-text\"><\/div>\r\n\t\t<div class=\"form-input form-44\"><label class=\"form-label\">Hora fin prevista<\/label><input type=\"time\" name=\"horfin\" class=\"form-time form-text\"><\/div>\r\n\t\t\r\n\t\t<div class=\"form-input form-1\"><label class=\"form-label\">Observacions<\/label><textarea cols=\"50\" rows=\"5\" name=\"observ\"  class=\"form-text-area form-text\"  placeholder=\"Indiqueu m\u00e9s informaci\u00f3 com ara la poblaci\u00f3 o altres detalls de l'esdeveniment\"><\/textarea><\/div>\r\n\t\t<div class=\"form-input form-21\"><div class=\"g-recaptcha\" data-sitekey=\"6Lfj8DYUAAAAAGZJkXrgvDScZ2OEagX9UpY5YWsU\"><\/div><\/div>\r\n\t\t<div class=\"form-input form-22\"><input name=\"submit\" value=\"Enviar\" type=\"submit\" class=\"form-button\"><\/div>\t\t\r\n\t\t<\/form>\t\r\n<\/form> Cam\u00ed de Ca n&#8217;Ametller s\/n 08195 Sant Cugat del Vall\u00e8s Obrir a Google Maps<\/p>\n","protected":false},"author":2,"featured_media":0,"parent":0,"menu_order":0,"comment_status":"closed","ping_status":"closed","template":"","meta":{"_et_pb_use_builder":"on","_et_pb_old_content":"","_et_gb_content_width":"","footnotes":""},"class_list":["post-767","page","type-page","status-publish","hentry"],"_links":{"self":[{"href":"https:\/\/ametllercatering.com\/ca\/wp-json\/wp\/v2\/pages\/767","targetHints":{"allow":["GET"]}}],"collection":[{"href":"https:\/\/ametllercatering.com\/ca\/wp-json\/wp\/v2\/pages"}],"about":[{"href":"https:\/\/ametllercatering.com\/ca\/wp-json\/wp\/v2\/types\/page"}],"author":[{"embeddable":true,"href":"https:\/\/ametllercatering.com\/ca\/wp-json\/wp\/v2\/users\/2"}],"replies":[{"embeddable":true,"href":"https:\/\/ametllercatering.com\/ca\/wp-json\/wp\/v2\/comments?post=767"}],"version-history":[{"count":6,"href":"https:\/\/ametllercatering.com\/ca\/wp-json\/wp\/v2\/pages\/767\/revisions"}],"predecessor-version":[{"id":4866,"href":"https:\/\/ametllercatering.com\/ca\/wp-json\/wp\/v2\/pages\/767\/revisions\/4866"}],"wp:attachment":[{"href":"https:\/\/ametllercatering.com\/ca\/wp-json\/wp\/v2\/media?parent=767"}],"curies":[{"name":"wp","href":"https:\/\/api.w.org\/{rel}","templated":true}]}}